{"id":164,"date":"2024-03-30T01:41:44","date_gmt":"2024-03-30T06:41:44","guid":{"rendered":"https:\/\/b5consulting.co\/?page_id=164"},"modified":"2024-05-12T20:13:22","modified_gmt":"2024-05-13T01:13:22","slug":"contacto","status":"publish","type":"page","link":"https:\/\/b5consulting.co\/index.php\/contacto\/","title":{"rendered":"Contacto"},"content":{"rendered":"<p>[et_pb_section fb_built=&#8221;1&#8243; _builder_version=&#8221;4.24.2&#8243; _module_preset=&#8221;default&#8221; background_color=&#8221;#f7f7f7&#8243; locked=&#8221;off&#8221; global_colors_info=&#8221;{}&#8221;][et_pb_row _builder_version=&#8221;4.24.2&#8243; _module_preset=&#8221;default&#8221; global_colors_info=&#8221;{}&#8221;][et_pb_column type=&#8221;4_4&#8243; _builder_version=&#8221;4.24.2&#8243; _module_preset=&#8221;default&#8221; global_colors_info=&#8221;{}&#8221;][et_pb_text _builder_version=&#8221;4.24.2&#8243; _module_preset=&#8221;09c51e40-2e66-4dfc-bb99-88f6128f5602&#8243; header_text_color=&#8221;#000000&#8243; text_orientation=&#8221;center&#8221; animation_style=&#8221;slide&#8221; animation_direction=&#8221;top&#8221; global_colors_info=&#8221;{}&#8221;]<\/p>\n<h1>Cont\u00e1ctanos<\/h1>\n<p>[\/et_pb_text][\/et_pb_column][\/et_pb_row][\/et_pb_section][et_pb_section fb_built=&#8221;1&#8243; admin_label=&#8221;Contact Form &#038; Map&#8221; _builder_version=&#8221;4.24.2&#8243; _module_preset=&#8221;default&#8221; collapsed=&#8221;on&#8221; global_colors_info=&#8221;{}&#8221;][et_pb_row _builder_version=&#8221;4.24.2&#8243; _module_preset=&#8221;default&#8221; global_colors_info=&#8221;{}&#8221;][et_pb_column type=&#8221;4_4&#8243; _builder_version=&#8221;4.24.2&#8243; _module_preset=&#8221;default&#8221; global_colors_info=&#8221;{}&#8221;][et_pb_text _builder_version=&#8221;4.24.2&#8243; _module_preset=&#8221;default&#8221; text_font=&#8221;ABeeZee||||||||&#8221; text_text_color=&#8221;#FFFFFF&#8221; text_font_size=&#8221;16px&#8221; text_orientation=&#8221;center&#8221; global_colors_info=&#8221;{}&#8221;]<\/p>\n<p style=\"text-align: justify;\"><span>En B5 Consulting Group estamos listos para ayudarle a transformar los desaf\u00edos financieros, tributarios y tecnol\u00f3gicos en oportunidades de crecimiento para su empresa. Si desea m\u00e1s informaci\u00f3n sobre nuestros servicios o necesita asesor\u00eda especializada, no dude en ponerse en contacto con nosotros.<\/span><\/p>\n<p>[\/et_pb_text][\/et_pb_column][\/et_pb_row][et_pb_row column_structure=&#8221;2_5,3_5&#8243; _builder_version=&#8221;4.24.2&#8243; _module_preset=&#8221;default&#8221; global_colors_info=&#8221;{}&#8221;][et_pb_column type=&#8221;2_5&#8243; _builder_version=&#8221;4.22.0&#8243; _module_preset=&#8221;default&#8221; global_colors_info=&#8221;{}&#8221;][et_pb_contact_form use_spam_service=&#8221;on&#8221; recaptcha_list=&#8221;BFIVE-0&#8243; submit_button_text=&#8221;Enviar &#8221; _builder_version=&#8221;4.24.2&#8243; _module_preset=&#8221;926a3e80-97d8-42e6-adc8-48bf9382651e&#8221; button_text_color=&#8221;#e8e44e&#8221; button_bg_color=&#8221;RGBA(255,255,255,0)&#8221; button_border_width=&#8221;2px&#8221; button_border_color=&#8221;#e8e44e&#8221; button_font=&#8221;Inter|700||on|||||&#8221; button_custom_margin=&#8221;|80px|||false|false&#8221; button_custom_padding=&#8221;9px|77px|9px|77px|true|true&#8221; custom_margin=&#8221;32px|||||&#8221; custom_css_contact_button=&#8221;margin-top: 10px;&#8221; locked=&#8221;off&#8221; global_colors_info=&#8221;{}&#8221;][et_pb_contact_field field_id=&#8221;Name&#8221; field_title=&#8221;Nombre&#8221; fullwidth_field=&#8221;on&#8221; _builder_version=&#8221;4.24.2&#8243; _module_preset=&#8221;default&#8221; global_colors_info=&#8221;{}&#8221; button_text_size__hover_enabled=&#8221;off&#8221; button_one_text_size__hover_enabled=&#8221;off&#8221; button_two_text_size__hover_enabled=&#8221;off&#8221; button_text_color__hover_enabled=&#8221;off&#8221; button_one_text_color__hover_enabled=&#8221;off&#8221; button_two_text_color__hover_enabled=&#8221;off&#8221; button_border_width__hover_enabled=&#8221;off&#8221; button_one_border_width__hover_enabled=&#8221;off&#8221; button_two_border_width__hover_enabled=&#8221;off&#8221; button_border_color__hover_enabled=&#8221;off&#8221; button_one_border_color__hover_enabled=&#8221;off&#8221; button_two_border_color__hover_enabled=&#8221;off&#8221; button_border_radius__hover_enabled=&#8221;off&#8221; button_one_border_radius__hover_enabled=&#8221;off&#8221; button_two_border_radius__hover_enabled=&#8221;off&#8221; button_letter_spacing__hover_enabled=&#8221;off&#8221; button_one_letter_spacing__hover_enabled=&#8221;off&#8221; button_two_letter_spacing__hover_enabled=&#8221;off&#8221; button_bg_color__hover_enabled=&#8221;off&#8221; button_one_bg_color__hover_enabled=&#8221;off&#8221; button_two_bg_color__hover_enabled=&#8221;off&#8221;][\/et_pb_contact_field][et_pb_contact_field field_id=&#8221;Email&#8221; field_title=&#8221;Email &#8221; field_type=&#8221;email&#8221; fullwidth_field=&#8221;on&#8221; _builder_version=&#8221;4.24.2&#8243; _module_preset=&#8221;default&#8221; global_colors_info=&#8221;{}&#8221; button_text_size__hover_enabled=&#8221;off&#8221; button_one_text_size__hover_enabled=&#8221;off&#8221; button_two_text_size__hover_enabled=&#8221;off&#8221; button_text_color__hover_enabled=&#8221;off&#8221; button_one_text_color__hover_enabled=&#8221;off&#8221; button_two_text_color__hover_enabled=&#8221;off&#8221; button_border_width__hover_enabled=&#8221;off&#8221; button_one_border_width__hover_enabled=&#8221;off&#8221; button_two_border_width__hover_enabled=&#8221;off&#8221; button_border_color__hover_enabled=&#8221;off&#8221; button_one_border_color__hover_enabled=&#8221;off&#8221; button_two_border_color__hover_enabled=&#8221;off&#8221; button_border_radius__hover_enabled=&#8221;off&#8221; button_one_border_radius__hover_enabled=&#8221;off&#8221; button_two_border_radius__hover_enabled=&#8221;off&#8221; button_letter_spacing__hover_enabled=&#8221;off&#8221; button_one_letter_spacing__hover_enabled=&#8221;off&#8221; button_two_letter_spacing__hover_enabled=&#8221;off&#8221; button_bg_color__hover_enabled=&#8221;off&#8221; button_one_bg_color__hover_enabled=&#8221;off&#8221; button_two_bg_color__hover_enabled=&#8221;off&#8221;][\/et_pb_contact_field][et_pb_contact_field field_id=&#8221;Message&#8221; field_title=&#8221;Mensaje&#8221; field_type=&#8221;text&#8221; fullwidth_field=&#8221;on&#8221; _builder_version=&#8221;4.24.2&#8243; _module_preset=&#8221;default&#8221; global_colors_info=&#8221;{}&#8221; button_text_size__hover_enabled=&#8221;off&#8221; button_one_text_size__hover_enabled=&#8221;off&#8221; button_two_text_size__hover_enabled=&#8221;off&#8221; button_text_color__hover_enabled=&#8221;off&#8221; button_one_text_color__hover_enabled=&#8221;off&#8221; button_two_text_color__hover_enabled=&#8221;off&#8221; button_border_width__hover_enabled=&#8221;off&#8221; button_one_border_width__hover_enabled=&#8221;off&#8221; button_two_border_width__hover_enabled=&#8221;off&#8221; button_border_color__hover_enabled=&#8221;off&#8221; button_one_border_color__hover_enabled=&#8221;off&#8221; button_two_border_color__hover_enabled=&#8221;off&#8221; button_border_radius__hover_enabled=&#8221;off&#8221; button_one_border_radius__hover_enabled=&#8221;off&#8221; button_two_border_radius__hover_enabled=&#8221;off&#8221; button_letter_spacing__hover_enabled=&#8221;off&#8221; button_one_letter_spacing__hover_enabled=&#8221;off&#8221; button_two_letter_spacing__hover_enabled=&#8221;off&#8221; button_bg_color__hover_enabled=&#8221;off&#8221; button_one_bg_color__hover_enabled=&#8221;off&#8221; button_two_bg_color__hover_enabled=&#8221;off&#8221;][\/et_pb_contact_field][\/et_pb_contact_form][\/et_pb_column][et_pb_column type=&#8221;3_5&#8243; _builder_version=&#8221;4.22.0&#8243; _module_preset=&#8221;default&#8221; global_colors_info=&#8221;{}&#8221;][et_pb_code _builder_version=&#8221;4.24.2&#8243; _module_preset=&#8221;default&#8221; global_colors_info=&#8221;{}&#8221;]<iframe src=\"https:\/\/www.google.com\/maps\/embed?pb=!1m18!1m12!1m3!1d3976.2193792132557!2d-74.04667072539709!3d4.73191624138693!2m3!1f0!2f0!3f0!3m2!1i1024!2i768!4f13.1!3m3!1m2!1s0x8e3f856f2310691f%3A0x82b120792f2e65fb!2sCra.%2018a%20%23150-36%20Oficina%20306%2C%20Usaqu%C3%A9n%2C%20Bogot%C3%A1%2C%20Cundinamarca!5e0!3m2!1ses-419!2sco!4v1713197136592!5m2!1ses-419!2sco\" width=\"800\" height=\"400\" style=\"border:0;\" allowfullscreen=\"\" loading=\"lazy\" referrerpolicy=\"no-referrer-when-downgrade\"><\/iframe>[\/et_pb_code][\/et_pb_column][\/et_pb_row][\/et_pb_section][et_pb_section fb_built=&#8221;1&#8243; admin_label=&#8221;Footer&#8221; _builder_version=&#8221;4.24.2&#8243; _module_preset=&#8221;default&#8221; background_image=&#8221;https:\/\/b5consulting.co\/wp-content\/uploads\/2024\/03\/financial-planning-33.png&#8221; background_size=&#8221;initial&#8221; background_position=&#8221;bottom_center&#8221; saved_tabs=&#8221;all&#8221; collapsed=&#8221;on&#8221; global_colors_info=&#8221;{}&#8221;][et_pb_row column_structure=&#8221;1_3,1_3,1_3&#8243; custom_padding_last_edited=&#8221;on|tablet&#8221; _builder_version=&#8221;4.24.2&#8243; _module_preset=&#8221;default&#8221; background_color=&#8221;#eaeaea&#8221; max_width=&#8221;1280px&#8221; custom_margin=&#8221;||30px||false|false&#8221; custom_padding=&#8221;60px|5vw|60px|5vw|true|true&#8221; custom_padding_tablet=&#8221;30px|30px|30px|30px|true|true&#8221; custom_padding_phone=&#8221;20px|20px|20px|20px|true|true&#8221; border_radii=&#8221;on|30px|30px|30px|30px&#8221; locked=&#8221;off&#8221; global_colors_info=&#8221;{}&#8221;][et_pb_column type=&#8221;1_3&#8243; _builder_version=&#8221;4.21.0&#8243; _module_preset=&#8221;default&#8221; global_colors_info=&#8221;{}&#8221;][et_pb_blurb title=&#8221;Direcci\u00f3n &#8221; use_icon=&#8221;on&#8221; font_icon=&#8221;&#xe081;||divi||400&#8243; _builder_version=&#8221;4.24.2&#8243; _module_preset=&#8221;ca299155-1f1d-4b33-a61b-72546a103911&#8243; header_font=&#8221;Anton|900|||||||&#8221; body_link_text_color=&#8221;gcid-f8a81bcb-7a6c-4824-875d-1e4bcf05cdd1&#8243; locked=&#8221;off&#8221; global_colors_info=&#8221;{%22gcid-f8a81bcb-7a6c-4824-875d-1e4bcf05cdd1%22:%91%22body_link_text_color%22%93}&#8221;]<\/p>\n<p>Carrera 18\u00aa No.150-42 Of 306<\/p>\n<p>Bogot\u00e1, Colombia<\/p>\n<p>[\/et_pb_blurb][\/et_pb_column][et_pb_column type=&#8221;1_3&#8243; _builder_version=&#8221;4.21.0&#8243; _module_preset=&#8221;default&#8221; global_colors_info=&#8221;{}&#8221;][et_pb_blurb title=&#8221;Tel\u00e9fonos&#8221; use_icon=&#8221;on&#8221; font_icon=&#8221;&#xe090;||divi||400&#8243; _builder_version=&#8221;4.24.2&#8243; _module_preset=&#8221;ca299155-1f1d-4b33-a61b-72546a103911&#8243; header_font=&#8221;Anton|900|||||||&#8221; body_line_height=&#8221;1em&#8221; body_link_text_color=&#8221;gcid-f8a81bcb-7a6c-4824-875d-1e4bcf05cdd1&#8243; locked=&#8221;off&#8221; global_colors_info=&#8221;{%22gcid-f8a81bcb-7a6c-4824-875d-1e4bcf05cdd1%22:%91%22body_link_text_color%22%93}&#8221;]<\/p>\n<p>601 731 32 16<\/p>\n<p>+57 321 479 88 74<\/p>\n<p>+57 300 347 75 44<\/p>\n<p>[\/et_pb_blurb][\/et_pb_column][et_pb_column type=&#8221;1_3&#8243; _builder_version=&#8221;4.21.0&#8243; _module_preset=&#8221;default&#8221; global_colors_info=&#8221;{}&#8221;][et_pb_blurb title=&#8221;Email&#8221; use_icon=&#8221;on&#8221; font_icon=&#8221;&#xe076;||divi||400&#8243; _builder_version=&#8221;4.24.2&#8243; _module_preset=&#8221;ca299155-1f1d-4b33-a61b-72546a103911&#8243; header_font=&#8221;Anton|900|||||||&#8221; body_link_text_color=&#8221;gcid-f8a81bcb-7a6c-4824-875d-1e4bcf05cdd1&#8243; locked=&#8221;off&#8221; global_colors_info=&#8221;{%22gcid-f8a81bcb-7a6c-4824-875d-1e4bcf05cdd1%22:%91%22body_link_text_color%22%93}&#8221;]<\/p>\n<p class=\"paragraph\" data-pm-slice=\"1 1 [&quot;document&quot;,{&quot;docId&quot;:&quot;1lh9vx42o63a1b4&quot;,&quot;background&quot;:{&quot;type&quot;:&quot;none&quot;},&quot;docFlags&quot;:{&quot;cardLayoutsEnabled&quot;:true},&quot;format&quot;:&quot;webpage&quot;,&quot;customCode&quot;:{},&quot;settings&quot;:{&quot;defaultFullBleed&quot;:&quot;full&quot;},&quot;generateStatus&quot;:&quot;done&quot;,&quot;generateInfo&quot;:{&quot;interactionId&quot;:&quot;elrp2sgjdcui92l&quot;,&quot;streamId&quot;:&quot;1lh9vx42o63a1b4&quot;,&quot;lastEventId&quot;:&quot;1230&quot;,&quot;lastCompletedCardId&quot;:&quot;7w6n2o3bdex0l2e&quot;,&quot;lastCompletedCardIndex&quot;:7}},&quot;card&quot;,{&quot;id&quot;:&quot;vwo8wwal15mllai&quot;,&quot;previewContent&quot;:null,&quot;background&quot;:{&quot;type&quot;:&quot;none&quot;},&quot;container&quot;:{},&quot;cardSize&quot;:&quot;default&quot;,&quot;layout&quot;:&quot;blank&quot;,&quot;layoutTemplateColumns&quot;:null,&quot;generatorInput&quot;:null},&quot;cardLayoutItem&quot;,{&quot;itemId&quot;:&quot;body&quot;,&quot;background&quot;:{}}]\"><a target=\"_blank\" rel=\"noopener noreferrer\" class=\"link\" href=\"mailto:info@b5consulting.co\">info@b5consulting.co<\/a><\/p>\n<p>[\/et_pb_blurb][\/et_pb_column][\/et_pb_row][\/et_pb_section]<\/p>\n","protected":false},"excerpt":{"rendered":"<p>Cont\u00e1ctanosEn B5 Consulting Group estamos listos para ayudarle a transformar los desaf\u00edos financieros, tributarios y tecnol\u00f3gicos en oportunidades de crecimiento para su empresa. Si desea m\u00e1s informaci\u00f3n sobre nuestros servicios o necesita asesor\u00eda especializada, no dude en ponerse en contacto con nosotros.Carrera 18\u00aa No.150-42 Of 306 Bogot\u00e1, Colombia601 731 32 16 +57 321 479 88 [&hellip;]<\/p>\n","protected":false},"author":2,"featured_media":0,"parent":0,"menu_order":0,"comment_status":"closed","ping_status":"closed","template":"","meta":{"_et_pb_use_builder":"on","_et_pb_old_content":"","_et_gb_content_width":"","footnotes":""},"_links":{"self":[{"href":"https:\/\/b5consulting.co\/index.php\/wp-json\/wp\/v2\/pages\/164"}],"collection":[{"href":"https:\/\/b5consulting.co\/index.php\/wp-json\/wp\/v2\/pages"}],"about":[{"href":"https:\/\/b5consulting.co\/index.php\/wp-json\/wp\/v2\/types\/page"}],"author":[{"embeddable":true,"href":"https:\/\/b5consulting.co\/index.php\/wp-json\/wp\/v2\/users\/2"}],"replies":[{"embeddable":true,"href":"https:\/\/b5consulting.co\/index.php\/wp-json\/wp\/v2\/comments?post=164"}],"version-history":[{"count":9,"href":"https:\/\/b5consulting.co\/index.php\/wp-json\/wp\/v2\/pages\/164\/revisions"}],"predecessor-version":[{"id":980,"href":"https:\/\/b5consulting.co\/index.php\/wp-json\/wp\/v2\/pages\/164\/revisions\/980"}],"wp:attachment":[{"href":"https:\/\/b5consulting.co\/index.php\/wp-json\/wp\/v2\/media?parent=164"}],"curies":[{"name":"wp","href":"https:\/\/api.w.org\/{rel}","templated":true}]}}